{"id":1941,"date":"2020-10-08T11:51:24","date_gmt":"2020-10-08T11:51:24","guid":{"rendered":"http:\/\/www.herkullinen.fi\/saareke\/?post_type=product&#038;p=1941"},"modified":"2024-09-02T23:31:53","modified_gmt":"2024-09-02T23:31:53","slug":"bora-pure-liesitaso-integroidulla-liesituulettimella-aktiivihiilisuodatin","status":"publish","type":"product","link":"http:\/\/www.herkullinen.fi\/saareke\/shop\/bora-pure-liesitaso-integroidulla-liesituulettimella-aktiivihiilisuodatin\/","title":{"rendered":"BORA Pure liesitaso integroidulla liesituulettimella"},"content":{"rendered":"<p>BORA Pure liesitaso integroidulla liesituulettimella raikasta sis\u00e4ilmaa kotiisi. Aktiivihiilisuodattimella huoneilmaan palauttava ratkaisu ei tarvitse lainkaan putkituksia, eik\u00e4 sen kanssa tarvitse lyhent\u00e4\u00e4 edes 60 cm syvien kalusteiden laatikoita. T\u00e4m\u00e4 mahdollistaa liesitason sijoittamisen keitti\u00f6ss\u00e4 esimerkiksi saarekeeseen.<\/p>\n<p>BORA Puren v\u00e4h\u00e4eleinen, pelkistetty muotoilu sulautuu tyylikk\u00e4\u00e4sti keitti\u00f6n sisustukseen. My\u00f6s liesituulettimen ilmanohjaimen v\u00e4ri on mahdollista valita sisustukseen sopivaksi lis\u00e4tuotteena. V\u00e4rivalikoimaan kuuluvat tyylikk\u00e4\u00e4n mustan lis\u00e4ksi greige, jadenvihre\u00e4, sininen, punainen ja oranssi. Kompakti ratkaisu mahtuu lis\u00e4ksi pieneenkin keitti\u00f6\u00f6n ja maksimoi s\u00e4ilytystilan. Alle 200 mm:n korkeuden ja integroidun suodatinyksik\u00f6n ansiosta alakaappiin j\u00e4\u00e4 runsaasti tilaa.<\/p>\n<p>K\u00e4ytett\u00e4vyydelt\u00e4\u00e4nkin BORA Pure liesitaso on huippuluokkaa: hiljainen \u00e4\u00e4nitaso, imuyksik\u00f6n automaattinen ohjaus, eritt\u00e4in helppo puhdistus ja patentoitu, vaivaton aktiivihiilisuodattimen vaihto sek\u00e4 intuitiivinen sControl ohjauspaneeli tekev\u00e4t ratkaisun k\u00e4yt\u00f6st\u00e4 miellytt\u00e4v\u00e4\u00e4 ja vaivatonta. Keittoalueiden keskitetyn hallinnan ja optimoidun j\u00e4rjestyksen ansiosta keittotasolle mahtuu jopa nelj\u00e4 24 cm:n keittoastiaa samanaikaisesti.<\/p>\n<p>Uusi BORA Pure liesitaso integroidulla liesituulettimella on ehtinyt jo saada useita designpalkintoja: Red Dot Design Award 2019, IF Design Award 2019 ja Plus X Award 2019 kategorioissa innovaatio, korkea laatu, muotoilu, k\u00e4ytt\u00f6mukavuus ja toiminnallisuus.<\/p>\n<p>Huom. Saat kahden vuoden takuun lis\u00e4ksi kolmannen vuoden\u00a0<a href=\"https:\/\/www.mybora.com\/en\/registration\">rekister\u00f6im\u00e4ll\u00e4 uuden BORA Pure laitteesi<\/a>.<\/p>\n<p>Kysy tarjous BORA Pure laitteesta <a href=\"http:\/\/www.herkullinen.fi\/saareke\/?post_type=product&amp;p=1941&amp;preview=true\">saareke.fi verkkokaupasta.<\/a><\/p>\n<p>&nbsp;<\/p>\n<p>Tekniset tiedot:<\/p>\n<p>PURU ja PURA induktiokeittotaso integroidulla liesituulettimella<br \/>\n\u2022 760 x 515 x 199 mm. Minimikaluste 800 x 600 mm<br \/>\n\u2022 7,6 kW<br \/>\n\u2022 Imuteho 625,7 m3\/h<br \/>\n\u2022 Energiatehokkuusluokka A+<br \/>\n\u2022 Intuitiivinen sControl-ohjauspaneeli<br \/>\n\u2022 Automaattinen liesituulettimen ohjaus<br \/>\n\u2022 eSwap, uusi patentoitu suodattimen helppo vaihto imuaukosta (Puru)<br \/>\n\u2022 Rasvasuodattimeen integroitu rasvanker\u00e4ystarjotin<br \/>\n\u2022 Eritt\u00e4in hiljainen 40,9-68,4 dB(A)<br \/>\n\u2022 Helppo puhdistaa, kaikki likaantuvat osat poistettevissa yhten\u00e4 pakettina, astiapesukoneen kest\u00e4vi\u00e4.<br \/>\n\u2022 Rasvasuodatin ruostumatonta ter\u00e4st\u00e4<\/p>\n<p>PURU: ei laatikoiden lyhent\u00e4mist\u00e4, ei putkituksia.\u00a0Varmista mitoitus kalustetoimittajalta.<\/p>\n<p>&nbsp;<\/p>\n","protected":false},"excerpt":{"rendered":"<p>BORA Puren v\u00e4h\u00e4eleinen, pelkistetty muotoilu sulautuu tyylikk\u00e4\u00e4sti keitti\u00f6n sisustukseen. Kompakti ratkaisu mahtuu lis\u00e4ksi pieneenkin keitti\u00f6\u00f6n ja maksimoi s\u00e4ilytystilan.<\/p>\n<p>BORA Pure on huippuluokkaa: hiljainen \u00e4\u00e4nitaso, imuyksik\u00f6n automaattinen ohjaus, eritt\u00e4in helppo puhdistus ja patentoitu, vaivaton aktiivihiilisuodattimen vaihto sek\u00e4 intuitiivinen sControl ohjauspaneeli tekev\u00e4t ratkaisun k\u00e4yt\u00f6st\u00e4 miellytt\u00e4v\u00e4\u00e4 ja vaivatonta. Keittoalueiden keskitetyn hallinnan ja optimoidun j\u00e4rjestyksen ansiosta keittotasolle mahtuu jopa nelj\u00e4 24 cm:n keitt\u00f6astiaa samanaikaisesti.<\/p>\n<p>Kysy tarjous BORA Pure laitteesta <a href=\"http:\/\/www.herkullinen.fi\/saareke\/?post_type=product&amp;p=1941&amp;preview=true\">saareke.fi verkkokaupasta.<\/a><\/p>\n","protected":false},"featured_media":1938,"menu_order":0,"comment_status":"open","ping_status":"closed","template":"","meta":[],"product_cat":[153,16],"product_tag":[128,132,131,129,130],"_links":{"self":[{"href":"http:\/\/www.herkullinen.fi\/saareke\/wp-json\/wp\/v2\/product\/1941"}],"collection":[{"href":"http:\/\/www.herkullinen.fi\/saareke\/wp-json\/wp\/v2\/product"}],"about":[{"href":"http:\/\/www.herkullinen.fi\/saareke\/wp-json\/wp\/v2\/types\/product"}],"replies":[{"embeddable":true,"href":"http:\/\/www.herkullinen.fi\/saareke\/wp-json\/wp\/v2\/comments?post=1941"}],"wp:featuredmedia":[{"embeddable":true,"href":"http:\/\/www.herkullinen.fi\/saareke\/wp-json\/wp\/v2\/media\/1938"}],"wp:attachment":[{"href":"http:\/\/www.herkullinen.fi\/saareke\/wp-json\/wp\/v2\/media?parent=1941"}],"wp:term":[{"taxonomy":"product_cat","embeddable":true,"href":"http:\/\/www.herkullinen.fi\/saareke\/wp-json\/wp\/v2\/product_cat?post=1941"},{"taxonomy":"product_tag","embeddable":true,"href":"http:\/\/www.herkullinen.fi\/saareke\/wp-json\/wp\/v2\/product_tag?post=1941"}],"curies":[{"name":"wp","href":"https:\/\/api.w.org\/{rel}","templated":true}]}}